{"id":2145,"date":"2024-02-08T19:09:30","date_gmt":"2024-02-08T16:09:30","guid":{"rendered":"http:\/\/esertaskiran.com\/?page_id=2145"},"modified":"2025-01-11T07:00:37","modified_gmt":"2025-01-11T04:00:37","slug":"eser-taskiran-in-the-press","status":"publish","type":"page","link":"https:\/\/esertaskiran.com\/en\/eser-taskiran-in-the-press\/","title":{"rendered":"Eser Taskiran in the Media"},"content":{"rendered":"<style>.wp-block-kadence-spacer.kt-block-spacer-2145_0abff8-da .kt-block-spacer{height:70px;}.wp-block-kadence-spacer.kt-block-spacer-2145_0abff8-da .kt-divider{border-top-width:1px;height:1px;border-top-color:#eee;width:80%;border-top-style:solid;}<\/style>\n<div class=\"wp-block-kadence-spacer aligncenter kt-block-spacer-2145_0abff8-da\"><div class=\"kt-block-spacer kt-block-spacer-halign-center\"><\/div><\/div>\n\n\n\n<h1 class=\"wp-block-heading has-large-font-size\"><bdo lang=\"en\" dir=\"ltr\">Eser Taskiran in the media<\/bdo><\/h1>\n\n\n\n<p><a href=\"https:\/\/www.alanya.bel.tr\/Haber\/30064\/16--ALANYA-ULUSLARARASI-CAZ-GUNLERI-NE-MUHTESEM-FINAL\" target=\"_blank\" rel=\"noopener\">https:\/\/www.alanya.bel.tr\/Haber\/30064\/16&#8211;ALANYA-ULUSLARARASI-CAZ-GUNLERI-NE-MUHTESEM-FINAL<\/a><\/p>\n\n\n\n<p><a href=\"https:\/\/www.hurriyet.com.tr\/kelebek\/baris-manco-istedi-ask-albumu-yaptilar-39091016\" target=\"_blank\" rel=\"noreferrer noopener\">https:\/\/www.hurriyet.com.tr\/kelebek\/baris-manco-istedi-ask-albumu-yaptilar-39091016<\/a><\/p>\n\n\n\n<p><a href=\"https:\/\/www.kralmuzik.com.tr\/haberler\/film-ekibi-ve-ailesi-barisin-yarim-kalan-sarkisinin-hikayesini-anlatti\" target=\"_blank\" rel=\"noopener\">https:\/\/www.kralmuzik.com.tr\/haberler\/film-ekibi-ve-ailesi-barisin-yarim-kalan-sarkisinin-hikayesini-anlatti<\/a><\/p>\n\n\n\n<p><a href=\"https:\/\/arsiv.sabah.com.tr\/2000\/02\/07\/l20.html\" target=\"_blank\" rel=\"noopener\">https:\/\/arsiv.sabah.com.tr\/2000\/02\/07\/l20.html<\/a><\/p>\n\n\n\n<p><a href=\"https:\/\/muzikonair.com\/selin-akdeniz-bu-huzurlu-yuvada-yayinda\/\" target=\"_blank\" rel=\"noreferrer noopener\">M\u00fczik Onair<\/a><\/p>\n\n\n\n<p><a href=\"https:\/\/www.milliyet.com.tr\/cadde\/onlar-mihenk-tasi-6457340\" target=\"_blank\" rel=\"noopener\">https:\/\/www.milliyet.com.tr\/cadde\/onlar-mihenk-tasi-6457340<\/a><\/p>\n\n\n\n<p><a href=\"https:\/\/www.milliyet.com.tr\/pembenar\/baris-mancoloji-yok-satiyor-5253135\" target=\"_blank\" rel=\"noopener\">https:\/\/www.milliyet.com.tr\/pembenar\/baris-mancoloji-yok-satiyor-5253135<\/a><\/p>\n\n\n\n<p><a href=\"https:\/\/www.cumhuriyet.com.tr\/yasam\/baris-akarsu-merhaba-filminden-ilk-afis-yayinlandi-1951105\" target=\"_blank\" rel=\"noopener\">https:\/\/www.cumhuriyet.com.tr\/yasam\/baris-akarsu-merhaba-filminden-ilk-afis-yayinlandi-1951105<\/a><\/p>\n\n\n\n<p><a href=\"https:\/\/www.hurriyet.com.tr\/gundem\/mancoloji-geliyor-39061540\" target=\"_blank\" rel=\"noopener\">https:\/\/www.hurriyet.com.tr\/gundem\/mancoloji-geliyor-39061540<\/a><\/p>\n\n\n\n<p><a href=\"https:\/\/www.hurriyet.com.tr\/gundem\/taskiran-a-iskenderiye-muzik-festivalinden-birincilik-odulu-38596131\" target=\"_blank\" rel=\"noreferrer noopener\">https:\/\/www.hurriyet.com.tr\/gundem\/taskiran-a-iskenderiye-muzik-festivalinden-birincilik-odulu-38596131<\/a><\/p>\n\n\n\n<figure class=\"wp-block-embed is-type-wp-embed is-provider-binevi-gazete wp-block-embed-binevi-gazete\"><div class=\"wp-block-embed__wrapper\">\n<blockquote class=\"wp-embedded-content\" data-secret=\"9b6DCTJ4GY\"><a href=\"https:\/\/binevigazete.com\/kultur-sanat\/pandemide-ruhuna-yatirim-yapanlar\/\" target=\"_blank\" rel=\"noopener\">PANDEM\u0130DE RUHUNA YATIRIM YAPANLAR&#8230;<\/a><\/blockquote><iframe loading=\"lazy\" class=\"wp-embedded-content\" sandbox=\"allow-scripts\" security=\"restricted\" style=\"position: absolute; clip: rect(1px, 1px, 1px, 1px);\" title=\"&#8220;PANDEM\u0130DE RUHUNA YATIRIM YAPANLAR&#8230;&#8221; &#8212; Bi&#039;nevi Gazete\" src=\"https:\/\/binevigazete.com\/kultur-sanat\/pandemide-ruhuna-yatirim-yapanlar\/embed\/#?secret=N0XDi3g6qZ#?secret=9b6DCTJ4GY\" data-secret=\"9b6DCTJ4GY\" width=\"600\" height=\"338\" frameborder=\"0\" marginwidth=\"0\" marginheight=\"0\" scrolling=\"no\"><\/iframe>\n<\/div><\/figure>\n\n\n\n<figure class=\"wp-block-embed is-type-wp-embed is-provider-sanat-okur wp-block-embed-sanat-okur\"><div class=\"wp-block-embed__wrapper\">\n<blockquote class=\"wp-embedded-content\" data-secret=\"kmr7xuWFyV\"><a href=\"https:\/\/sanatokur.com\/olumsuzluge-tanik-olmak-eser-taskiran\/\" target=\"_blank\" rel=\"noopener\">\u00d6l\u00fcms\u00fczl\u00fc\u011fe Tan\u0131k Olmak \/\/ Eser Ta\u015fk\u0131ran<\/a><\/blockquote><iframe loading=\"lazy\" class=\"wp-embedded-content\" sandbox=\"allow-scripts\" security=\"restricted\" style=\"position: absolute; clip: rect(1px, 1px, 1px, 1px);\" title=\"&#8220;\u00d6l\u00fcms\u00fczl\u00fc\u011fe Tan\u0131k Olmak \/\/ Eser Ta\u015fk\u0131ran&#8221; &#8212; G\u00fcncel Sanat Portal\u0131\" src=\"https:\/\/sanatokur.com\/olumsuzluge-tanik-olmak-eser-taskiran\/embed\/#?secret=W3jqypXezZ#?secret=kmr7xuWFyV\" data-secret=\"kmr7xuWFyV\" width=\"600\" height=\"338\" frameborder=\"0\" marginwidth=\"0\" marginheight=\"0\" scrolling=\"no\"><\/iframe>\n<\/div><\/figure>\n\n\n\n<p><a href=\"https:\/\/bluesperisan.blogspot.com\/2020\/05\/eser-taskran-soruyor-muzik-bedava.html\" target=\"_blank\" rel=\"noreferrer noopener\">https:\/\/bluesperisan.blogspot.com\/2020\/05\/eser-taskran-soruyor-muzik-bedava.html<\/a><\/p>\n\n\n\n<p><a href=\"https:\/\/eksisozluk.com\/eser-taskiran--60719\" target=\"_blank\" rel=\"noreferrer noopener\">https:\/\/eksisozluk.com\/eser-taskiran&#8211;60719<\/a><\/p>\n\n\n\n<p><a href=\"https:\/\/www.sinemamuzik.com\/detay\/eser-taskiran-tuslular\" target=\"_blank\" rel=\"noreferrer noopener\">https:\/\/www.sinemamuzik.com\/detay\/eser-taskiran-tuslular<\/a><\/p>\n\n\n\n<p><a href=\"https:\/\/www.imdb.com\/name\/nm10041654\/\" target=\"_blank\" rel=\"noreferrer noopener\">https:\/\/www.imdb.com\/name\/nm10041654\/<\/a><\/p>\n\n\n\n<p><a href=\"https:\/\/www.soundturk.com\/11_Aranjor_Studyolar_Besteciler\/Eser_Taskiran\/Eser_Taskiran.htm\" target=\"_blank\" rel=\"noreferrer noopener\">https:\/\/www.soundturk.com\/11_Aranjor_Studyolar_Besteciler\/Eser_Taskiran\/Eser_Taskiran.htm<\/a><\/p>\n\n\n\n<p><a href=\"https:\/\/www.yenicagri.com\/eser-taskiran-bugun-uzerine-konusabilecegimiz-bir-muzik-kalmadi\" target=\"_blank\" rel=\"noreferrer noopener\">https:\/\/www.yenicagri.com\/eser-taskiran-bugun-uzerine-konusabilecegimiz-bir-muzik-kalmadi<\/a><\/p>\n\n\n\n<p><a href=\"https:\/\/www.allaboutjazz.com\/musicians\/eser-ta%C5%9Fk%C4%B1ran\" target=\"_blank\" rel=\"noreferrer noopener\">https:\/\/www.allaboutjazz.com\/musicians\/eser-ta%C5%9Fk%C4%B1ran<\/a><\/p>\n\n\n\n<p><a href=\"https:\/\/www.medyaege.com.tr\/karsiyakada-unutulmayacak-bulusma-baris-manco-bustu-acildi-228976h.htm\" target=\"_blank\" rel=\"noreferrer noopener\">https:\/\/www.medyaege.com.tr\/karsiyakada-unutulmayacak-bulusma-baris-manco-bustu-acildi-228976h.htm<\/a><\/p>\n\n\n\n<p><a href=\"https:\/\/www.sabah.com.tr\/magazin\/uc-cocuklu-bir-babanin-duygu-yuklu-hikayesi-uvey-anne-dizisi-yakinda-atvde-basliyor-6461675\" target=\"_blank\" rel=\"noreferrer noopener\">https:\/\/www.sabah.com.tr\/magazin\/uc-cocuklu-bir-babanin-duygu-yuklu-hikayesi-uvey-anne-dizisi-yakinda-atvde-basliyor-6461675<\/a><\/p>\n\n\n\n<p><a href=\"https:\/\/www.sabah.com.tr\/magazin\/rec-roceronun-cikis-sarkisi-baris-mancodan-6020230\" target=\"_blank\" rel=\"noreferrer noopener\">https:\/\/www.sabah.com.tr\/magazin\/rec-roceronun-cikis-sarkisi-baris-mancodan-6020230<\/a><\/p>\n\n\n\n<p><a href=\"https:\/\/www.sabah.com.tr\/magazin\/2023un-provasi-baris-manco-vapurunda-yapildi-5368019\" target=\"_blank\" rel=\"noreferrer noopener\">https:\/\/www.sabah.com.tr\/magazin\/2023un-provasi-baris-manco-vapurunda-yapildi-5368019<\/a><\/p>\n\n\n\n<p><a href=\"https:\/\/www.sabah.com.tr\/kultur-sanat\/2021\/02\/01\/baris-mancoya-olumunun-22-yilinda-online-anma\" target=\"_blank\" rel=\"noreferrer noopener\">https:\/\/www.sabah.com.tr\/kultur-sanat\/2021\/02\/01\/baris-mancoya-olumunun-22-yilinda-online-anma<\/a><\/p>\n\n\n\n<p><a href=\"https:\/\/www.sacitaslan.com\/baris-manconun-bustu-acildi-vatandaslardan-yogun-ilgi-haberi-573023\" target=\"_blank\" rel=\"noreferrer noopener\">https:\/\/www.sacitaslan.com\/baris-manconun-bustu-acildi-vatandaslardan-yogun-ilgi-haberi-573023<\/a><\/p>\n\n\n\n<p><a href=\"https:\/\/dikkatmuzik.com\/tag\/eser-taskiran\/\" target=\"_blank\" rel=\"noreferrer noopener\">https:\/\/dikkatmuzik.com\/tag\/eser-taskiran\/<\/a><\/p>\n\n\n\n<p><a href=\"https:\/\/egazete.anadolu.edu.tr\/kampus\/42667\/anakariyer-tarafindan-kariyerimde-baris-manco-paneli-gerceklestirildi\" target=\"_blank\" rel=\"noopener\">https:\/\/egazete.anadolu.edu.tr\/kampus\/42667\/anakariyer-tarafindan-kariyerimde-baris-manco-paneli-gerceklestirildi<\/a><\/p>\n","protected":false},"excerpt":{"rendered":"<p>Eser Taskiran in the media https:\/\/www.alanya.bel.tr\/Haber\/30064\/16&#8211;ALANYA-ULUSLARARASI-CAZ-GUNLERI-NE-MUHTESEM-FINAL https:\/\/www.hurriyet.com.tr\/kelebek\/baris-manco-istedi-ask-albumu-yaptilar-39091016 https:\/\/www.kralmuzik.com.tr\/haberler\/film-ekibi-ve-ailesi-barisin-yarim-kalan-sarkisinin-hikayesini-anlatti https:\/\/arsiv.sabah.com.tr\/2000\/02\/07\/l20.html M\u00fczik Onair https:\/\/www.milliyet.com.tr\/cadde\/onlar-mihenk-tasi-6457340 https:\/\/www.milliyet.com.tr\/pembenar\/baris-mancoloji-yok-satiyor-5253135 https:\/\/www.cumhuriyet.com.tr\/yasam\/baris-akarsu-merhaba-filminden-ilk-afis-yayinlandi-1951105 https:\/\/www.hurriyet.com.tr\/gundem\/mancoloji-geliyor-39061540 https:\/\/www.hurriyet.com.tr\/gundem\/taskiran-a-iskenderiye-muzik-festivalinden-birincilik-odulu-38596131 https:\/\/bluesperisan.blogspot.com\/2020\/05\/eser-taskran-soruyor-muzik-bedava.html https:\/\/eksisozluk.com\/eser-taskiran&#8211;60719 https:\/\/www.sinemamuzik.com\/detay\/eser-taskiran-tuslular https:\/\/www.imdb.com\/name\/nm10041654\/ https:\/\/www.soundturk.com\/11_Aranjor_Studyolar_Besteciler\/Eser_Taskiran\/Eser_Taskiran.htm https:\/\/www.yenicagri.com\/eser-taskiran-bugun-uzerine-konusabilecegimiz-bir-muzik-kalmadi https:\/\/www.allaboutjazz.com\/musicians\/eser-ta%C5%9Fk%C4%B1ran https:\/\/www.medyaege.com.tr\/karsiyakada-unutulmayacak-bulusma-baris-manco-bustu-acildi-228976h.htm https:\/\/www.sabah.com.tr\/magazin\/uc-cocuklu-bir-babanin-duygu-yuklu-hikayesi-uvey-anne-dizisi-yakinda-atvde-basliyor-6461675 https:\/\/www.sabah.com.tr\/magazin\/rec-roceronun-cikis-sarkisi-baris-mancodan-6020230 https:\/\/www.sabah.com.tr\/magazin\/2023un-provasi-baris-manco-vapurunda-yapildi-5368019 https:\/\/www.sabah.com.tr\/kultur-sanat\/2021\/02\/01\/baris-mancoya-olumunun-22-yilinda-online-anma https:\/\/www.sacitaslan.com\/baris-manconun-bustu-acildi-vatandaslardan-yogun-ilgi-haberi-573023 https:\/\/dikkatmuzik.com\/tag\/eser-taskiran\/ https:\/\/egazete.anadolu.edu.tr\/kampus\/42667\/anakariyer-tarafindan-kariyerimde-baris-manco-paneli-gerceklestirildi<\/p>\n","protected":false},"author":1,"featured_media":0,"parent":0,"menu_order":0,"comment_status":"closed","ping_status":"closed","template":"","meta":{"_kad_blocks_custom_css":"","_kad_blocks_head_custom_js":"","_kad_blocks_body_custom_js":"","_kad_blocks_footer_custom_js":"","_kad_post_transparent":"","_kad_post_title":"","_kad_post_layout":"narrow","_kad_post_sidebar_id":"","_kad_post_content_style":"boxed","_kad_post_vertical_padding":"show","_kad_post_feature":"","_kad_post_feature_position":"","_kad_post_header":false,"_kad_post_footer":false,"_kad_post_classname":"","footnotes":""},"class_list":["post-2145","page","type-page","status-publish","hentry"],"taxonomy_info":[],"featured_image_src_large":false,"author_info":{"display_name":"ghaith.mzayek@gmail.com","author_link":"https:\/\/esertaskiran.com\/en\/author\/ghaith-mzayekgmail-com\/"},"comment_info":0,"_links":{"self":[{"href":"https:\/\/esertaskiran.com\/en\/wp-json\/wp\/v2\/pages\/2145","targetHints":{"allow":["GET"]}}],"collection":[{"href":"https:\/\/esertaskiran.com\/en\/wp-json\/wp\/v2\/pages"}],"about":[{"href":"https:\/\/esertaskiran.com\/en\/wp-json\/wp\/v2\/types\/page"}],"author":[{"embeddable":true,"href":"https:\/\/esertaskiran.com\/en\/wp-json\/wp\/v2\/users\/1"}],"replies":[{"embeddable":true,"href":"https:\/\/esertaskiran.com\/en\/wp-json\/wp\/v2\/comments?post=2145"}],"version-history":[{"count":0,"href":"https:\/\/esertaskiran.com\/en\/wp-json\/wp\/v2\/pages\/2145\/revisions"}],"wp:attachment":[{"href":"https:\/\/esertaskiran.com\/en\/wp-json\/wp\/v2\/media?parent=2145"}],"curies":[{"name":"wp","href":"https:\/\/api.w.org\/{rel}","templated":true}]}}